{"id":826,"date":"2025-02-21T10:21:57","date_gmt":"2025-02-21T09:21:57","guid":{"rendered":"https:\/\/3lglazingsystems.se\/?post_type=product&#038;p=826"},"modified":"2025-07-02T11:43:05","modified_gmt":"2025-07-02T10:43:05","slug":"rigid","status":"publish","type":"product","link":"https:\/\/3lglazingsystems.se\/en\/system\/rigid\/","title":{"rendered":"Starling"},"content":{"rendered":"<p>The modern aluminium system for the design of windows and doors with very good thermal insulation.<\/p>\n<p>In <strong>45 mm deep thermal separator<\/strong>, made of solid and proven materials, acts as an effective thermal barrier. The same type of <strong>insulation insert<\/strong> in both the sash and the frame provide a continuous protective effect against heat loss throughout the structure.<\/p>\n<p>A new <strong>standard for the profile\/glass pane interface<\/strong> - increasing the depth of the profile improves both the thermal properties and the overall structure of the system.<\/p>\n<p>The innovative <strong>corner sections<\/strong> prevents collision between screw and corner when mounting surface fittings in the PVC groove.<\/p>\n<p>Possibility to use <strong>roller hinge system<\/strong> with very high load capacity.<\/p>\n<p>The advanced <strong>the drainage system<\/strong> eliminates visible parts that would otherwise block the drainage openings, contributing to a more aesthetic appearance.<\/p>\n<p>The same type of <strong>corner and T-coupling<\/strong> are used in both the outer and inner chamber, reducing the number of accessories needed and speeding up production.<\/p>\n<p>A reduced number of <strong>glazing beads and seals<\/strong> maintains the continuity of the glazing depending on the thickness of the glass packet.<\/p>\n<p><strong>Glazing from the inside<\/strong> is possible for increased security and ease of installation.<\/p>\n<p><strong>Bending of profiles<\/strong> is an option.<\/p>\n<p><strong>Modern design<\/strong> that combines aesthetics and functionality.<\/p>\n<p>The system is particularly recommended for <strong>low energy buildings and energy efficient renovation<\/strong>, while improving the thermal comfort of standard buildings.<\/p>\n<p>Possibility to use <strong>insect screens and fly nets<\/strong>.<\/p>\n<p>A wide range of colours is available:<\/p>\n<ul>\n<li><strong>RAL palettes<\/strong> (Qualicoat 1518)<\/li>\n<li><strong>Textured colours<\/strong><\/li>\n<li><strong>Aliplast Wood Colour Effect<\/strong> (wood-like colours)<\/li>\n<li><strong>Aliplast Loft View<\/strong> - colours imitating stone surfaces (Qualideco PL-0001)<\/li>\n<li><strong>Anodised colours<\/strong> (Qualanod 1808)<\/li>\n<li><strong>Bi-colour<\/strong> (two-colour profiles for custom design).<\/li>\n<\/ul>","protected":false},"excerpt":{"rendered":"<p>Detta h\u00f6gpresterande system \u00e4r certifierat f\u00f6r passivhusstandarder, vilket s\u00e4kerst\u00e4ller enast\u00e5ende energieffektivitet och minimal v\u00e4rmef\u00f6rlust. Det \u00e4r perfekt f\u00f6r stora glasytor d\u00e4r h\u00f6ga krav p\u00e5 termisk isolering m\u00e5ste uppfyllas, vilket ger optimal komfort och energieffektivitet \u00e5ret runt.<\/p>\n<p>Med sin flexibla design passar systemet b\u00e5de kommersiella fastigheter och bostadsprojekt, vilket g\u00f6r det till ett utm\u00e4rkt val f\u00f6r allt fr\u00e5n moderna kontorsbyggnader till exklusiva villor. Dessutom \u00e4r det kompatibelt med olika \u00f6ppningssystem och kan utrustas med dolda g\u00e5ngj\u00e4rn f\u00f6r en elegant och minimalistisk design.<\/p>\n<p>F\u00f6r extra h\u00e5llbarhet och prestanda \u00e4r systemet anpassningsbart f\u00f6r extrema v\u00e4derf\u00f6rh\u00e5llanden, vilket g\u00f6r det idealiskt f\u00f6r b\u00e5de kalla och varma klimat. Oavsett om det g\u00e4ller kraftiga vindar, intensiva temperaturv\u00e4xlingar eller h\u00f6g luftfuktighet, erbjuder detta system p\u00e5litlighet, s\u00e4kerhet och l\u00e5ng livsl\u00e4ngd.<\/p>","protected":false},"featured_media":828,"comment_status":"open","ping_status":"closed","template":"","meta":{"_acf_changed":false},"product_brand":[],"product_cat":[146,44],"product_tag":[],"class_list":{"0":"post-826","1":"product","2":"type-product","3":"status-publish","4":"has-post-thumbnail","6":"product_cat-dorrar","7":"product_cat-fonster","9":"first","10":"instock","11":"shipping-taxable","12":"product-type-simple"},"acf":[],"_links":{"self":[{"href":"https:\/\/3lglazingsystems.se\/en\/wp-json\/wp\/v2\/product\/826","targetHints":{"allow":["GET"]}}],"collection":[{"href":"https:\/\/3lglazingsystems.se\/en\/wp-json\/wp\/v2\/product"}],"about":[{"href":"https:\/\/3lglazingsystems.se\/en\/wp-json\/wp\/v2\/types\/product"}],"replies":[{"embeddable":true,"href":"https:\/\/3lglazingsystems.se\/en\/wp-json\/wp\/v2\/comments?post=826"}],"wp:featuredmedia":[{"embeddable":true,"href":"https:\/\/3lglazingsystems.se\/en\/wp-json\/wp\/v2\/media\/828"}],"wp:attachment":[{"href":"https:\/\/3lglazingsystems.se\/en\/wp-json\/wp\/v2\/media?parent=826"}],"wp:term":[{"taxonomy":"product_brand","embeddable":true,"href":"https:\/\/3lglazingsystems.se\/en\/wp-json\/wp\/v2\/product_brand?post=826"},{"taxonomy":"product_cat","embeddable":true,"href":"https:\/\/3lglazingsystems.se\/en\/wp-json\/wp\/v2\/product_cat?post=826"},{"taxonomy":"product_tag","embeddable":true,"href":"https:\/\/3lglazingsystems.se\/en\/wp-json\/wp\/v2\/product_tag?post=826"}],"curies":[{"name":"wp","href":"https:\/\/api.w.org\/{rel}","templated":true}]}}