{"id":1377,"date":"2025-03-10T11:18:52","date_gmt":"2025-03-10T10:18:52","guid":{"rendered":"https:\/\/3lglazingsystems.se\/?post_type=product&#038;p=1377"},"modified":"2025-08-19T07:24:02","modified_gmt":"2025-08-19T06:24:02","slug":"sapa-fonster-1086-vintage","status":"publish","type":"product","link":"https:\/\/3lglazingsystems.se\/en\/system\/sapa-fonster-1086-vintage\/","title":{"rendered":"SAPA Windows 1086 Vintage"},"content":{"rendered":"<h2 data-start=\"121\" data-end=\"139\"><strong data-start=\"124\" data-end=\"137\">Performance<\/strong><\/h2>\n<ul data-start=\"140\" data-end=\"495\">\n<li data-start=\"140\" data-end=\"240\"><strong data-start=\"142\" data-end=\"165\">Profile construction:<\/strong> 86 mm deep profiles for both fixed and inward opening windows.<\/li>\n<li data-start=\"241\" data-end=\"346\"><strong data-start=\"243\" data-end=\"257\">Insulation:<\/strong> 42 mm glass fibre reinforced polyamide strips provide high air and rain tightness and low U-value.<\/li>\n<li data-start=\"347\" data-end=\"430\"><strong data-start=\"349\" data-end=\"362\">Glass moulding:<\/strong>\n<ul data-start=\"367\" data-end=\"430\">\n<li data-start=\"367\" data-end=\"393\">1086 Vintage: 20-64 mm<\/li>\n<li data-start=\"396\" data-end=\"430\">Vintage block windows: 22-49 mm<\/li>\n<\/ul>\n<\/li>\n<li data-start=\"431\" data-end=\"495\"><strong data-start=\"433\" data-end=\"452\">Compatibility:<\/strong> Can be easily connected to glass section 3086.<\/li>\n<\/ul>\n<h2 data-start=\"497\" data-end=\"523\"><strong data-start=\"500\" data-end=\"521\">Thermal performance<\/strong><\/h2>\n<p data-start=\"524\" data-end=\"581\"><em data-start=\"524\" data-end=\"579\">(Calculated at W x H = 1230 x 1480 mm, Ug = 0.5 W\/m\u00b2K)<\/em><\/p>\n<ul data-start=\"582\" data-end=\"703\">\n<li data-start=\"582\" data-end=\"622\"><strong data-start=\"584\" data-end=\"605\">Vintage standard:<\/strong> Uw = 1.1 W\/m\u00b2K<\/li>\n<li data-start=\"623\" data-end=\"658\"><strong data-start=\"625\" data-end=\"640\">Vintage PX:<\/strong> Uw = 0.89 W\/m\u00b2K<\/li>\n<li data-start=\"659\" data-end=\"703\"><strong data-start=\"661\" data-end=\"686\">Vintage block windows:<\/strong> Uw = 1.0 W\/m\u00b2K<\/li>\n<\/ul>\n<h2 data-start=\"705\" data-end=\"763\"><strong data-start=\"708\" data-end=\"728\">Density performance<\/strong> <em data-start=\"729\" data-end=\"761\">(According to European standards)<\/em><\/h2>\n<ul data-start=\"764\" data-end=\"884\">\n<li data-start=\"764\" data-end=\"802\"><strong data-start=\"766\" data-end=\"781\">Airtightness:<\/strong> Class 4 (EN 12207)<\/li>\n<li data-start=\"803\" data-end=\"842\"><strong data-start=\"805\" data-end=\"820\">Rainfall density:<\/strong> Class 9A (EN 12208)<\/li>\n<li data-start=\"843\" data-end=\"884\"><strong data-start=\"845\" data-end=\"862\">Wind resistance:<\/strong> Class C3 (EN 12210)<\/li>\n<\/ul>\n<h2 data-start=\"886\" data-end=\"918\"><strong data-start=\"889\" data-end=\"916\">Design &amp; functionality<\/strong><\/h2>\n<ul data-start=\"919\" data-end=\"1252\">\n<li data-start=\"919\" data-end=\"1001\"><strong data-start=\"921\" data-end=\"938\">Block windows:<\/strong> With stepped insulating glass that hides the sash from the outside.<\/li>\n<li data-start=\"1002\" data-end=\"1075\"><strong data-start=\"1004\" data-end=\"1013\">Form:<\/strong> Fixed windows can be bent into round or semi-round shapes.<\/li>\n<li data-start=\"1076\" data-end=\"1190\"><strong data-start=\"1078\" data-end=\"1101\">Types of installations:<\/strong>\n<ul data-start=\"1106\" data-end=\"1190\">\n<li data-start=\"1106\" data-end=\"1142\">Fixed window or single window<\/li>\n<li data-start=\"1145\" data-end=\"1190\">Side, bottom, top or bottom hung<\/li>\n<\/ul>\n<\/li>\n<li data-start=\"1191\" data-end=\"1252\"><strong data-start=\"1193\" data-end=\"1215\">Fittings &amp; hinges:<\/strong>\n<ul data-start=\"1220\" data-end=\"1252\">\n<li data-start=\"1220\" data-end=\"1252\">Visible or concealed hinges<\/li>\n<\/ul>\n<\/li>\n<\/ul>\n<h2 data-start=\"1254\" data-end=\"1300\"><strong data-start=\"1257\" data-end=\"1298\">Environmental impact - Low carbon footprint<\/strong><\/h2>\n<ul data-start=\"1301\" data-end=\"1517\">\n<li data-start=\"1301\" data-end=\"1414\">Manufactured by <strong data-start=\"1317\" data-end=\"1333\">Hydro CIRCAL<\/strong>, aluminium with at least <strong data-start=\"1355\" data-end=\"1383\">75 % recycled material<\/strong> from end-of-life construction products.<\/li>\n<li data-start=\"1415\" data-end=\"1517\"><strong data-start=\"1417\" data-end=\"1438\">Carbon dioxide emissions:<\/strong> Only the <strong data-start=\"1446\" data-end=\"1479\">1.9 kg CO\u2082 per kg aluminium<\/strong> - one of the lowest levels globally.<\/li>\n<\/ul>","protected":false},"excerpt":{"rendered":"<p>SAPA F\u00f6nster 1086 Vintage \u00e4r ett h\u00f6gisolerat f\u00f6nster i aluminium i gammaldags stil som passar utm\u00e4rkt till \u00e4ldre byggnader och i moderniserade milj\u00f6er d\u00e4r arkitektur fr\u00e5n sekelskiftet s\u00e4tter stilen. F\u00f6nstret har en retrodesign, dock uppfyller det alla krav p\u00e5 kvalitet och modern v\u00e4rmeisolering. Tack vare sitt slimmat och l\u00e4tt utseende med smal karm och b\u00e5ge sl\u00e4pper det in maximalt med ljus.<\/p>\n<p>SAPA F\u00f6nster 1086 Vintage grundar sig p\u00e5 Thermo 86 omtyckta konstruktion med 86 mm djupa aluminiumprofiler. Det \u00e4r isolerat med 42 mm glasfiberarmerade polyamidlister och klarar h\u00f6gsta klasser p\u00e5 luft- och regnt\u00e4thet samt har ett mycket l\u00e5gt U-v\u00e4rde. Detta aluminiumf\u00f6nster i rustik stil har bra best\u00e4ndighet, minimalt underh\u00e5ll och l\u00e5ng livsl\u00e4ngd. Det finns i utf\u00f6rande som fast eller in\u00e5tg\u00e5ende f\u00f6nster med m\u00f6jlighet att v\u00e4lja dolda g\u00e5ngj\u00e4rn. Det finns ocks\u00e5 som blockf\u00f6nster med steppat isolerglas som d\u00f6ljer f\u00f6nsterb\u00e5gen fr\u00e5n utsidan, vilket ger f\u00f6nstret mer exteri\u00f6r glasyta. F\u00f6nstret kan kompletteras med spr\u00f6js och det fasta f\u00f6nstret g\u00e5r att bocka till runda eller halvrunda former.<\/p>","protected":false},"featured_media":1378,"comment_status":"open","ping_status":"closed","template":"","meta":{"_acf_changed":false},"product_brand":[],"product_cat":[44],"product_tag":[],"class_list":{"0":"post-1377","1":"product","2":"type-product","3":"status-publish","4":"has-post-thumbnail","6":"product_cat-fonster","8":"first","9":"instock","10":"shipping-taxable","11":"product-type-simple"},"acf":[],"_links":{"self":[{"href":"https:\/\/3lglazingsystems.se\/en\/wp-json\/wp\/v2\/product\/1377","targetHints":{"allow":["GET"]}}],"collection":[{"href":"https:\/\/3lglazingsystems.se\/en\/wp-json\/wp\/v2\/product"}],"about":[{"href":"https:\/\/3lglazingsystems.se\/en\/wp-json\/wp\/v2\/types\/product"}],"replies":[{"embeddable":true,"href":"https:\/\/3lglazingsystems.se\/en\/wp-json\/wp\/v2\/comments?post=1377"}],"wp:featuredmedia":[{"embeddable":true,"href":"https:\/\/3lglazingsystems.se\/en\/wp-json\/wp\/v2\/media\/1378"}],"wp:attachment":[{"href":"https:\/\/3lglazingsystems.se\/en\/wp-json\/wp\/v2\/media?parent=1377"}],"wp:term":[{"taxonomy":"product_brand","embeddable":true,"href":"https:\/\/3lglazingsystems.se\/en\/wp-json\/wp\/v2\/product_brand?post=1377"},{"taxonomy":"product_cat","embeddable":true,"href":"https:\/\/3lglazingsystems.se\/en\/wp-json\/wp\/v2\/product_cat?post=1377"},{"taxonomy":"product_tag","embeddable":true,"href":"https:\/\/3lglazingsystems.se\/en\/wp-json\/wp\/v2\/product_tag?post=1377"}],"curies":[{"name":"wp","href":"https:\/\/api.w.org\/{rel}","templated":true}]}}