{"id":1329,"date":"2025-03-05T09:02:50","date_gmt":"2025-03-05T08:02:50","guid":{"rendered":"https:\/\/3lglazingsystems.se\/?post_type=product&#038;p=1329"},"modified":"2025-08-19T07:15:46","modified_gmt":"2025-08-19T06:15:46","slug":"sapa-facade-4150-sx-super-insulated","status":"publish","type":"product","link":"https:\/\/3lglazingsystems.se\/en\/system\/sapa-facade-4150-sx-super-insulated\/","title":{"rendered":"Sapa Fasad 4150 SX - Superinsulated"},"content":{"rendered":"<p data-start=\"0\" data-end=\"587\"><strong data-start=\"0\" data-end=\"13\">Performance<\/strong><br data-start=\"13\" data-end=\"16\" \/>SAPA 4150 SX\/PH is a rectangular profile in several dimensions adapted to withstand current loads. The profile width is <strong data-start=\"134\" data-end=\"143\">50 mm<\/strong>, and the stub profile depth varies between <strong data-start=\"182\" data-end=\"202\">35-300 mm for SX<\/strong> and <strong data-start=\"207\" data-end=\"228\">120-300 mm for PH<\/strong>. The system supports glass thicknesses up to <strong data-start=\"271\" data-end=\"280\">64 mm<\/strong> and is made of <strong data-start=\"302\" data-end=\"318\" data-is-only-node=\"\">Hydro CIRCAL<\/strong>, an aluminium with at least <strong data-start=\"344\" data-end=\"372\">75 % recycled material<\/strong>. It can be completed with opening units and is <strong data-start=\"427\" data-end=\"488\">PH certified for passive house standard according to IFT Rosenheim<\/strong>. The system offers high insulation performance thanks to a <strong data-start=\"543\" data-end=\"584\">newly developed insulator and internal joint tape<\/strong>.<\/p>\n<p data-start=\"589\" data-end=\"704\"><strong data-start=\"589\" data-end=\"610\">Thermal performance<\/strong><br data-start=\"610\" data-end=\"613\" \/>The PH system achieves a low <strong data-start=\"641\" data-end=\"668\">Ucw value of 0.66 W\/m\u00b2K<\/strong> according to tests by IFT Rosenheim.<\/p>\n<p data-start=\"706\" data-end=\"728\"><strong data-start=\"706\" data-end=\"726\">Density performance<\/strong><\/p>\n<ul data-start=\"729\" data-end=\"895\">\n<li data-start=\"729\" data-end=\"781\"><strong data-start=\"731\" data-end=\"746\">Airtightness:<\/strong> Class <strong data-start=\"753\" data-end=\"763\">AE1200<\/strong> according to EN12152.<\/li>\n<li data-start=\"782\" data-end=\"836\"><strong data-start=\"784\" data-end=\"801\">Watertightness:<\/strong> Class <strong data-start=\"808\" data-end=\"818\">RE1200<\/strong> according to EN12154.<\/li>\n<li data-start=\"837\" data-end=\"895\"><strong data-start=\"839\" data-end=\"865\">Resistance to wind load:<\/strong> <strong data-start=\"866\" data-end=\"877\">2000 Pa<\/strong> according to EN13116.<\/li>\n<\/ul>\n<p data-start=\"897\" data-end=\"1005\"><strong data-start=\"897\" data-end=\"909\">Security and safety<\/strong><br data-start=\"909\" data-end=\"912\" \/>The system is tested and certified with <strong data-start=\"951\" data-end=\"988\">RC2 and RC3 class burglary protection<\/strong> according to EN1627.<\/p>\n<p data-start=\"1007\" data-end=\"1408\"><strong data-start=\"1007\" data-end=\"1017\">Design<\/strong><br data-start=\"1017\" data-end=\"1020\" \/>Easy assembly of openable units and a large selection of frame profiles in different depths. I and T profiles allow <strong data-start=\"1138\" data-end=\"1182\">great flexibility in interior design<\/strong>, while exterior decorative profiles create <strong data-start=\"1221\" data-end=\"1248\">great design possibilities<\/strong>. The system can also be equipped with <strong data-start=\"1281\" data-end=\"1300\">ADD glass holder<\/strong>, which allows for easy installation of <strong data-start=\"1338\" data-end=\"1405\">solar panels, solar shading, signs, lightning rods, downpipes and gutters<\/strong>.<\/p>\n<p data-start=\"1410\" data-end=\"1675\" data-is-last-node=\"\" data-is-only-node=\"\"><strong data-start=\"1410\" data-end=\"1435\">Low carbon footprint<\/strong><br data-start=\"1435\" data-end=\"1438\" \/>Made of <strong data-start=\"1452\" data-end=\"1468\">Hydro CIRCAL<\/strong>, an aluminium with at least <strong data-start=\"1494\" data-end=\"1522\">75 % recycled material<\/strong> from construction products. With a carbon footprint of only <strong data-start=\"1575\" data-end=\"1614\">1.9 kg of CO2 per kg of aluminium<\/strong>this is one of the most sustainable aluminium solutions on the market.<\/p>","protected":false},"excerpt":{"rendered":"<p>The 4150 SX facade system consists of insulated, 50 mm wide aluminium profiles. Our newly developed insulator together with internal sealing strips provide high insulation properties (so-called\u00a0<strong>High Insulated<\/strong>).<\/p>\n<p>Profilerna \u00e4r utformade f\u00f6r att ge stabilitet mot dimensionerande laster och de sammanfogas med dolda f\u00f6rband. Systemet kan enkelt kompletteras med \u00f6ppningsbara enheter. U-v\u00e4rden f\u00f6r fasad ska redovisas f\u00f6r hela fasaden.<\/p>","protected":false},"featured_media":1330,"comment_status":"open","ping_status":"closed","template":"","meta":{"_acf_changed":false},"product_brand":[],"product_cat":[43],"product_tag":[],"class_list":{"0":"post-1329","1":"product","2":"type-product","3":"status-publish","4":"has-post-thumbnail","6":"product_cat-fasadsystem","8":"first","9":"instock","10":"shipping-taxable","11":"product-type-simple"},"acf":[],"_links":{"self":[{"href":"https:\/\/3lglazingsystems.se\/en\/wp-json\/wp\/v2\/product\/1329","targetHints":{"allow":["GET"]}}],"collection":[{"href":"https:\/\/3lglazingsystems.se\/en\/wp-json\/wp\/v2\/product"}],"about":[{"href":"https:\/\/3lglazingsystems.se\/en\/wp-json\/wp\/v2\/types\/product"}],"replies":[{"embeddable":true,"href":"https:\/\/3lglazingsystems.se\/en\/wp-json\/wp\/v2\/comments?post=1329"}],"wp:featuredmedia":[{"embeddable":true,"href":"https:\/\/3lglazingsystems.se\/en\/wp-json\/wp\/v2\/media\/1330"}],"wp:attachment":[{"href":"https:\/\/3lglazingsystems.se\/en\/wp-json\/wp\/v2\/media?parent=1329"}],"wp:term":[{"taxonomy":"product_brand","embeddable":true,"href":"https:\/\/3lglazingsystems.se\/en\/wp-json\/wp\/v2\/product_brand?post=1329"},{"taxonomy":"product_cat","embeddable":true,"href":"https:\/\/3lglazingsystems.se\/en\/wp-json\/wp\/v2\/product_cat?post=1329"},{"taxonomy":"product_tag","embeddable":true,"href":"https:\/\/3lglazingsystems.se\/en\/wp-json\/wp\/v2\/product_tag?post=1329"}],"curies":[{"name":"wp","href":"https:\/\/api.w.org\/{rel}","templated":true}]}}