{"id":1327,"date":"2025-03-05T09:00:27","date_gmt":"2025-03-05T08:00:27","guid":{"rendered":"https:\/\/3lglazingsystems.se\/?post_type=product&#038;p=1327"},"modified":"2025-08-19T07:16:11","modified_gmt":"2025-08-19T06:16:11","slug":"sapa-facade-4150-insulated","status":"publish","type":"product","link":"https:\/\/3lglazingsystems.se\/en\/system\/sapa-facade-4150-insulated\/","title":{"rendered":"Sapa Facade 4150 Insulated"},"content":{"rendered":"<p data-start=\"0\" data-end=\"539\"><strong data-start=\"0\" data-end=\"13\">Performance<\/strong><br data-start=\"13\" data-end=\"16\" \/>SAPA 4150 is a multi-dimensional rectangular profile that is customised to cope with current loads. The profile has a width of <strong data-start=\"140\" data-end=\"149\">50 mm<\/strong> and a stem depth between <strong data-start=\"174\" data-end=\"187\">35-300 mm<\/strong>. The standard glass thickness is <strong data-start=\"217\" data-end=\"229\">23-48 mm<\/strong>, but can also be made with single glazing. Made of <strong data-start=\"281\" data-end=\"297\">Hydro CIRCAL<\/strong>, an aluminium with at least <strong data-start=\"323\" data-end=\"351\" data-is-only-node=\"\">75 % recycled material<\/strong>. The system can be supplemented with openable units and has an insulating step of <strong data-start=\"430\" data-end=\"437\">PVC<\/strong>, which is available in several variants depending on the desired U-value. Swing and sliding doors can be easily connected.<\/p>\n<p data-start=\"541\" data-end=\"681\"><strong data-start=\"541\" data-end=\"562\">Thermal performance<\/strong><br data-start=\"562\" data-end=\"565\" \/>The system has a thermal insulation capacity of <strong data-start=\"607\" data-end=\"626\">Ucw = 0.8 W\/m\u00b2K<\/strong> with <strong data-start=\"631\" data-end=\"648\">glass Ug = 0,6<\/strong> and a profile share of <strong data-start=\"671\" data-end=\"678\">5 %<\/strong>.<\/p>\n<p data-start=\"683\" data-end=\"705\"><strong data-start=\"683\" data-end=\"703\">Density performance<\/strong><\/p>\n<ul data-start=\"706\" data-end=\"872\">\n<li data-start=\"706\" data-end=\"758\"><strong data-start=\"708\" data-end=\"723\">Airtightness:<\/strong> Class <strong data-start=\"730\" data-end=\"740\">AE1200<\/strong> according to EN12152.<\/li>\n<li data-start=\"759\" data-end=\"813\"><strong data-start=\"761\" data-end=\"778\">Watertightness:<\/strong> Class <strong data-start=\"785\" data-end=\"795\">RE1200<\/strong> according to EN12154.<\/li>\n<li data-start=\"814\" data-end=\"872\"><strong data-start=\"816\" data-end=\"842\">Resistance to wind load:<\/strong> <strong data-start=\"843\" data-end=\"854\">2000 Pa<\/strong> according to EN13116.<\/li>\n<\/ul>\n<p data-start=\"874\" data-end=\"971\"><strong data-start=\"874\" data-end=\"886\">Security and safety<\/strong><br data-start=\"886\" data-end=\"889\" \/>The system is certified with <strong data-start=\"917\" data-end=\"954\">RC2 and RC3 class burglary protection<\/strong> according to EN1627.<\/p>\n<p data-start=\"973\" data-end=\"1394\"><strong data-start=\"973\" data-end=\"983\">Design<\/strong><br data-start=\"983\" data-end=\"986\" \/>Easy installation of openable units and available in <strong data-start=\"1048\" data-end=\"1076\">four different window systems<\/strong>, both inwards and outwards. There is a wide range of mould profiles in different depths and <strong data-start=\"1165\" data-end=\"1186\">I and T profiles<\/strong>, giving great freedom for interior design. The system also offers possibilities for exterior decorative profiles and can be complemented with <strong data-start=\"1324\" data-end=\"1391\">solar panels, solar shading, signs, lightning rods, downpipes and gutters<\/strong>.<\/p>\n<p data-start=\"1396\" data-end=\"1651\" data-is-only-node=\"\" data-is-last-node=\"\"><strong data-start=\"1396\" data-end=\"1421\">Low carbon footprint<\/strong><br data-start=\"1421\" data-end=\"1424\" \/>Made of <strong data-start=\"1438\" data-end=\"1454\">Hydro CIRCAL<\/strong>, an aluminium with <strong data-start=\"1474\" data-end=\"1512\">at least 75 % recycled construction products<\/strong>. With a carbon footprint of only <strong data-start=\"1546\" data-end=\"1585\">1.9 kg of CO2 per kg of aluminium<\/strong>it is one of the most durable aluminium solutions on the market.<\/p>","protected":false},"excerpt":{"rendered":"<p>4150 Fasadsystem best\u00e5r av isolerade, 50 mm breda aluminiumprofiler. Det inre fogbandets och isolatorns konstruktion optimerar isoleringen i profilerna.<br \/>\nProfilerna finns med ett flertal olika djup. De \u00e4r utformade f\u00f6r att ge stabilitet mot dimensionerande laster och sammanfogas med dolda f\u00f6rband. Systemet kan enkelt kompletteras med \u00f6ppningsbara enheter. U-v\u00e4rden f\u00f6r fasad ska redovisas f\u00f6r hela fasaden.<\/p>","protected":false},"featured_media":1328,"comment_status":"open","ping_status":"closed","template":"","meta":{"_acf_changed":false},"product_brand":[],"product_cat":[43],"product_tag":[],"class_list":{"0":"post-1327","1":"product","2":"type-product","3":"status-publish","4":"has-post-thumbnail","6":"product_cat-fasadsystem","8":"first","9":"instock","10":"shipping-taxable","11":"product-type-simple"},"acf":[],"_links":{"self":[{"href":"https:\/\/3lglazingsystems.se\/en\/wp-json\/wp\/v2\/product\/1327","targetHints":{"allow":["GET"]}}],"collection":[{"href":"https:\/\/3lglazingsystems.se\/en\/wp-json\/wp\/v2\/product"}],"about":[{"href":"https:\/\/3lglazingsystems.se\/en\/wp-json\/wp\/v2\/types\/product"}],"replies":[{"embeddable":true,"href":"https:\/\/3lglazingsystems.se\/en\/wp-json\/wp\/v2\/comments?post=1327"}],"wp:featuredmedia":[{"embeddable":true,"href":"https:\/\/3lglazingsystems.se\/en\/wp-json\/wp\/v2\/media\/1328"}],"wp:attachment":[{"href":"https:\/\/3lglazingsystems.se\/en\/wp-json\/wp\/v2\/media?parent=1327"}],"wp:term":[{"taxonomy":"product_brand","embeddable":true,"href":"https:\/\/3lglazingsystems.se\/en\/wp-json\/wp\/v2\/product_brand?post=1327"},{"taxonomy":"product_cat","embeddable":true,"href":"https:\/\/3lglazingsystems.se\/en\/wp-json\/wp\/v2\/product_cat?post=1327"},{"taxonomy":"product_tag","embeddable":true,"href":"https:\/\/3lglazingsystems.se\/en\/wp-json\/wp\/v2\/product_tag?post=1327"}],"curies":[{"name":"wp","href":"https:\/\/api.w.org\/{rel}","templated":true}]}}