{"id":1286,"date":"2025-03-03T09:51:08","date_gmt":"2025-03-03T08:51:08","guid":{"rendered":"https:\/\/3lglazingsystems.se\/?post_type=product&#038;p=1286"},"modified":"2025-08-19T06:58:33","modified_gmt":"2025-08-19T05:58:33","slug":"sapa-dorr-2050-uninsulated","status":"publish","type":"product","link":"https:\/\/3lglazingsystems.se\/en\/system\/sapa-dorr-2050-uninsulated\/","title":{"rendered":"SAPA Door 2050 Uninsulated"},"content":{"rendered":"","protected":false},"excerpt":{"rendered":"<p>SAPA D\u00f6rr 2050 passar utm\u00e4rkt till interi\u00f6ra l\u00f6sningar eller omr\u00e5den utan krav p\u00e5 isolering.\u00a0D\u00f6rrsystemet \u00e4r uppbyggt p\u00e5 oisolerade aluminiumprofiler med profildjup p\u00e5 50 mm. Finns med integrerat eller utbytbart anslag p\u00e5 karmsida. Yttre glasningslist \u00e4r integrerad i profilen f\u00f6r asymmetriskt placerat glas.<\/p>\n<p>SAPA D\u00f6rr 2050 kan \u00e4ven utf\u00f6ras med symmetriskt placerat glas med tre olika designglasningslister.\u00a0D\u00f6rrbladsprofiler finns f\u00f6r smal- och modull\u00e5s, och f\u00f6r kl\u00e4mfri bakkant. D\u00f6rrarna kan enkelt anslutas till v\u00e5rt system f\u00f6r glasv\u00e4ggar och glaspartier, 3050.<\/p>","protected":false},"featured_media":1287,"comment_status":"open","ping_status":"closed","template":"","meta":{"_acf_changed":false},"product_brand":[],"product_cat":[146],"product_tag":[],"class_list":{"0":"post-1286","1":"product","2":"type-product","3":"status-publish","4":"has-post-thumbnail","6":"product_cat-dorrar","8":"first","9":"instock","10":"shipping-taxable","11":"product-type-simple"},"acf":[],"_links":{"self":[{"href":"https:\/\/3lglazingsystems.se\/en\/wp-json\/wp\/v2\/product\/1286","targetHints":{"allow":["GET"]}}],"collection":[{"href":"https:\/\/3lglazingsystems.se\/en\/wp-json\/wp\/v2\/product"}],"about":[{"href":"https:\/\/3lglazingsystems.se\/en\/wp-json\/wp\/v2\/types\/product"}],"replies":[{"embeddable":true,"href":"https:\/\/3lglazingsystems.se\/en\/wp-json\/wp\/v2\/comments?post=1286"}],"wp:featuredmedia":[{"embeddable":true,"href":"https:\/\/3lglazingsystems.se\/en\/wp-json\/wp\/v2\/media\/1287"}],"wp:attachment":[{"href":"https:\/\/3lglazingsystems.se\/en\/wp-json\/wp\/v2\/media?parent=1286"}],"wp:term":[{"taxonomy":"product_brand","embeddable":true,"href":"https:\/\/3lglazingsystems.se\/en\/wp-json\/wp\/v2\/product_brand?post=1286"},{"taxonomy":"product_cat","embeddable":true,"href":"https:\/\/3lglazingsystems.se\/en\/wp-json\/wp\/v2\/product_cat?post=1286"},{"taxonomy":"product_tag","embeddable":true,"href":"https:\/\/3lglazingsystems.se\/en\/wp-json\/wp\/v2\/product_tag?post=1286"}],"curies":[{"name":"wp","href":"https:\/\/api.w.org\/{rel}","templated":true}]}}