{"id":1282,"date":"2025-03-03T09:47:42","date_gmt":"2025-03-03T08:47:42","guid":{"rendered":"https:\/\/3lglazingsystems.se\/?post_type=product&#038;p=1282"},"modified":"2025-08-19T07:01:36","modified_gmt":"2025-08-19T06:01:36","slug":"sapa-dorr-2086-e-frame","status":"publish","type":"product","link":"https:\/\/3lglazingsystems.se\/en\/system\/sapa-dorr-2086-e-frame\/","title":{"rendered":"SAPA Door 2086 E-frame"},"content":{"rendered":"","protected":false},"excerpt":{"rendered":"<p>Passersystem med porttelefon, kamera, l\u00e5s, armb\u00e5gskontakt och kopplingsdon \u00e4r vanliga komponenter i moderna entr\u00e9er.<\/p>\n<p>SAPA E-karm \u00e4r en smart d\u00f6rrkarm som l\u00e4tt kan komplettera v\u00e5ra d\u00f6rrar f\u00f6r att underl\u00e4tta kabeldragning, montage och service av elektronik p\u00e5 ett s\u00e4kert och estetiskt s\u00e4tt. Serviceluckan skruvas fast genom dold inf\u00e4stning vilket ger ett rent intryck och f\u00f6rsv\u00e5rar \u00e5verkan.\u00a0SAPA D\u00f6rr 2086 med E-karm har i \u00f6vrigt alla de m\u00f6jligheter betr\u00e4ffande profilval och design som D\u00f6rr 2086.\u00a0SAPA E-karm beh\u00f6ver inte enbart anv\u00e4ndas som karmprofil, utan passar \u00e4ven utm\u00e4rkt som vertikal eller horisontell spr\u00f6js mellan tv\u00e5 glaspartier.<\/p>","protected":false},"featured_media":1283,"comment_status":"open","ping_status":"closed","template":"","meta":{"_acf_changed":false},"product_brand":[],"product_cat":[146],"product_tag":[],"class_list":{"0":"post-1282","1":"product","2":"type-product","3":"status-publish","4":"has-post-thumbnail","6":"product_cat-dorrar","8":"first","9":"instock","10":"shipping-taxable","11":"product-type-simple"},"acf":[],"_links":{"self":[{"href":"https:\/\/3lglazingsystems.se\/en\/wp-json\/wp\/v2\/product\/1282","targetHints":{"allow":["GET"]}}],"collection":[{"href":"https:\/\/3lglazingsystems.se\/en\/wp-json\/wp\/v2\/product"}],"about":[{"href":"https:\/\/3lglazingsystems.se\/en\/wp-json\/wp\/v2\/types\/product"}],"replies":[{"embeddable":true,"href":"https:\/\/3lglazingsystems.se\/en\/wp-json\/wp\/v2\/comments?post=1282"}],"wp:featuredmedia":[{"embeddable":true,"href":"https:\/\/3lglazingsystems.se\/en\/wp-json\/wp\/v2\/media\/1283"}],"wp:attachment":[{"href":"https:\/\/3lglazingsystems.se\/en\/wp-json\/wp\/v2\/media?parent=1282"}],"wp:term":[{"taxonomy":"product_brand","embeddable":true,"href":"https:\/\/3lglazingsystems.se\/en\/wp-json\/wp\/v2\/product_brand?post=1282"},{"taxonomy":"product_cat","embeddable":true,"href":"https:\/\/3lglazingsystems.se\/en\/wp-json\/wp\/v2\/product_cat?post=1282"},{"taxonomy":"product_tag","embeddable":true,"href":"https:\/\/3lglazingsystems.se\/en\/wp-json\/wp\/v2\/product_tag?post=1282"}],"curies":[{"name":"wp","href":"https:\/\/api.w.org\/{rel}","templated":true}]}}