{"id":1280,"date":"2025-03-03T09:43:05","date_gmt":"2025-03-03T08:43:05","guid":{"rendered":"https:\/\/3lglazingsystems.se\/?post_type=product&#038;p=1280"},"modified":"2025-08-19T07:02:20","modified_gmt":"2025-08-19T06:02:20","slug":"sapa-dorr-2086-cradle","status":"publish","type":"product","link":"https:\/\/3lglazingsystems.se\/en\/system\/sapa-dorr-2086-cradle\/","title":{"rendered":"Sapa Door 2086 Lightweight wall"},"content":{"rendered":"","protected":false},"excerpt":{"rendered":"<p>V\u00e5rt isolerade d\u00f6rrsystem f\u00f6r l\u00e4ttv\u00e4gg har ett profildjup p\u00e5 86 mm och \u00e4r uppbyggt med glasfiberarmerade polyamidlister p\u00e5 42 mm. Karmprofilen \u00e4r anpassad f\u00f6r rationellt montage i l\u00e4ttv\u00e4ggskonstruktioner av pl\u00e5t och isolering. Insidan kompletteras med ett foder av specialanpassad aluminiumprofil f\u00f6r alternativa v\u00e4ggtjocklekar. D\u00f6rrbladsprofiler finns f\u00f6r alla typer av l\u00e5s.<\/p>\n<p>D\u00f6rren kan utf\u00f6ras som 2086, 2086 Plus eller 2086 Extreme, samtliga i Standard eller SX utf\u00f6rande efter \u00f6nskem\u00e5l. Se motsvarande avsnitt f\u00f6r mer information.<\/p>","protected":false},"featured_media":1281,"comment_status":"open","ping_status":"closed","template":"","meta":{"_acf_changed":false},"product_brand":[],"product_cat":[146],"product_tag":[],"class_list":{"0":"post-1280","1":"product","2":"type-product","3":"status-publish","4":"has-post-thumbnail","6":"product_cat-dorrar","8":"first","9":"instock","10":"shipping-taxable","11":"product-type-simple"},"acf":[],"_links":{"self":[{"href":"https:\/\/3lglazingsystems.se\/en\/wp-json\/wp\/v2\/product\/1280","targetHints":{"allow":["GET"]}}],"collection":[{"href":"https:\/\/3lglazingsystems.se\/en\/wp-json\/wp\/v2\/product"}],"about":[{"href":"https:\/\/3lglazingsystems.se\/en\/wp-json\/wp\/v2\/types\/product"}],"replies":[{"embeddable":true,"href":"https:\/\/3lglazingsystems.se\/en\/wp-json\/wp\/v2\/comments?post=1280"}],"wp:featuredmedia":[{"embeddable":true,"href":"https:\/\/3lglazingsystems.se\/en\/wp-json\/wp\/v2\/media\/1281"}],"wp:attachment":[{"href":"https:\/\/3lglazingsystems.se\/en\/wp-json\/wp\/v2\/media?parent=1280"}],"wp:term":[{"taxonomy":"product_brand","embeddable":true,"href":"https:\/\/3lglazingsystems.se\/en\/wp-json\/wp\/v2\/product_brand?post=1280"},{"taxonomy":"product_cat","embeddable":true,"href":"https:\/\/3lglazingsystems.se\/en\/wp-json\/wp\/v2\/product_cat?post=1280"},{"taxonomy":"product_tag","embeddable":true,"href":"https:\/\/3lglazingsystems.se\/en\/wp-json\/wp\/v2\/product_tag?post=1280"}],"curies":[{"name":"wp","href":"https:\/\/api.w.org\/{rel}","templated":true}]}}