{"id":1278,"date":"2025-03-03T09:42:00","date_gmt":"2025-03-03T08:42:00","guid":{"rendered":"https:\/\/3lglazingsystems.se\/?post_type=product&#038;p=1278"},"modified":"2025-08-19T07:05:48","modified_gmt":"2025-08-19T06:05:48","slug":"sapa-dorr-2086-extreme","status":"publish","type":"product","link":"https:\/\/3lglazingsystems.se\/en\/system\/sapa-dorr-2086-extreme\/","title":{"rendered":"Sapa Door 2086 Extreme"},"content":{"rendered":"","protected":false},"excerpt":{"rendered":"<p>2086 Extreme belongs to our new generation building system SAPA Thermo 86 developed with a clear focus on energy and performance. The door has a low U-value, the highest air and rain tightness and very good sound reduction.<\/p>\n<p><strong>D\u00f6rr 2086 Extreme<\/strong>\u00a0grundar sig p\u00e5 D\u00f6rr 2086 med alla dess grundegenskaper. En optimal tr\u00f6skelkonstruktion tillsammans med 3-punktsl\u00e5sning f\u00f6rb\u00e4ttrar t\u00e4theten vilket g\u00f6r att d\u00f6rren klarar h\u00f6gsta kraven: klass 4 i luftt\u00e4thet och klass 9A i regnt\u00e4thet.\u00a0D\u00f6rren kan utformas som enkeld\u00f6rr med max d\u00f6rrbladsh\u00f6jd 2500 mm.\u00a0F\u00f6r optimal energiprestanda kan d\u00f6rren kompletteras med samma isolerstavar SAPA Thermo N9 som till D\u00f6rr 2086 SX.<\/p>\n<p>D\u00f6rrbladsprofiler finns f\u00f6r smal- och modull\u00e5s. Fals f\u00f6r glas och fyllning 20-56 (64) mm. Yttre glasningslist \u00e4r integrerad i profilen f\u00f6r asymmetriskt placerat glas.\u00a0D\u00f6rr 2086 Extreme kan enkelt anslutas till v\u00e5ra fasadsystem 4150, 5050 SG samt glasparti 3086.<\/p>","protected":false},"featured_media":1279,"comment_status":"open","ping_status":"closed","template":"","meta":{"_acf_changed":false},"product_brand":[],"product_cat":[146],"product_tag":[],"class_list":{"0":"post-1278","1":"product","2":"type-product","3":"status-publish","4":"has-post-thumbnail","6":"product_cat-dorrar","8":"first","9":"instock","10":"shipping-taxable","11":"product-type-simple"},"acf":[],"_links":{"self":[{"href":"https:\/\/3lglazingsystems.se\/en\/wp-json\/wp\/v2\/product\/1278","targetHints":{"allow":["GET"]}}],"collection":[{"href":"https:\/\/3lglazingsystems.se\/en\/wp-json\/wp\/v2\/product"}],"about":[{"href":"https:\/\/3lglazingsystems.se\/en\/wp-json\/wp\/v2\/types\/product"}],"replies":[{"embeddable":true,"href":"https:\/\/3lglazingsystems.se\/en\/wp-json\/wp\/v2\/comments?post=1278"}],"wp:featuredmedia":[{"embeddable":true,"href":"https:\/\/3lglazingsystems.se\/en\/wp-json\/wp\/v2\/media\/1279"}],"wp:attachment":[{"href":"https:\/\/3lglazingsystems.se\/en\/wp-json\/wp\/v2\/media?parent=1278"}],"wp:term":[{"taxonomy":"product_brand","embeddable":true,"href":"https:\/\/3lglazingsystems.se\/en\/wp-json\/wp\/v2\/product_brand?post=1278"},{"taxonomy":"product_cat","embeddable":true,"href":"https:\/\/3lglazingsystems.se\/en\/wp-json\/wp\/v2\/product_cat?post=1278"},{"taxonomy":"product_tag","embeddable":true,"href":"https:\/\/3lglazingsystems.se\/en\/wp-json\/wp\/v2\/product_tag?post=1278"}],"curies":[{"name":"wp","href":"https:\/\/api.w.org\/{rel}","templated":true}]}}