{"id":1276,"date":"2025-03-03T09:40:25","date_gmt":"2025-03-03T08:40:25","guid":{"rendered":"https:\/\/3lglazingsystems.se\/?post_type=product&#038;p=1276"},"modified":"2025-08-19T07:06:24","modified_gmt":"2025-08-19T06:06:24","slug":"sapa-dorr-2086-plus","status":"publish","type":"product","link":"https:\/\/3lglazingsystems.se\/en\/system\/sapa-dorr-2086-plus\/","title":{"rendered":"SAPA Door 2086 Plus"},"content":{"rendered":"","protected":false},"excerpt":{"rendered":"<p>2086 Plus belongs to our new generation building system SAPA Thermo 86 developed with a clear focus on energy and performance. The door has a low U-value, good air and rain tightness and very good sound reduction.<\/p>\n<p><strong>D\u00f6rr 2086 Plus<\/strong>\u00a0grundar sig p\u00e5 D\u00f6rr 2086 med alla dess grundegenskaper dock i lite mindre format (max d\u00f6rrbladsh\u00f6jd 2500 mm). En annorlunda tr\u00f6skelkonstruktion f\u00f6rb\u00e4ttrar t\u00e4theten vilket g\u00f6r att d\u00f6rren klarar klass 2 i luftt\u00e4thet och klass 4A i regnt\u00e4thet.\u00a0F\u00f6r optimal energiprestanda kan d\u00f6rren kompletteras med samma isolerstavar SAPA Thermo N9 som till D\u00f6rr 2086 SX.<\/p>\n<p>D\u00f6rrbladsprofiler finns f\u00f6r smal- och modull\u00e5s. Fals f\u00f6r glas och fyllning 20-56 (64) mm. Yttre glasningslist \u00e4r integrerad i profilen f\u00f6r asymmetriskt placerat glas.\u00a0D\u00f6rrarna kan enkelt anslutas till v\u00e5ra fasadsystem 4150, 5050 SG samt glasparti 3086.<\/p>","protected":false},"featured_media":1277,"comment_status":"open","ping_status":"closed","template":"","meta":{"_acf_changed":false},"product_brand":[],"product_cat":[146],"product_tag":[],"class_list":{"0":"post-1276","1":"product","2":"type-product","3":"status-publish","4":"has-post-thumbnail","6":"product_cat-dorrar","8":"first","9":"instock","10":"shipping-taxable","11":"product-type-simple"},"acf":[],"_links":{"self":[{"href":"https:\/\/3lglazingsystems.se\/en\/wp-json\/wp\/v2\/product\/1276","targetHints":{"allow":["GET"]}}],"collection":[{"href":"https:\/\/3lglazingsystems.se\/en\/wp-json\/wp\/v2\/product"}],"about":[{"href":"https:\/\/3lglazingsystems.se\/en\/wp-json\/wp\/v2\/types\/product"}],"replies":[{"embeddable":true,"href":"https:\/\/3lglazingsystems.se\/en\/wp-json\/wp\/v2\/comments?post=1276"}],"wp:featuredmedia":[{"embeddable":true,"href":"https:\/\/3lglazingsystems.se\/en\/wp-json\/wp\/v2\/media\/1277"}],"wp:attachment":[{"href":"https:\/\/3lglazingsystems.se\/en\/wp-json\/wp\/v2\/media?parent=1276"}],"wp:term":[{"taxonomy":"product_brand","embeddable":true,"href":"https:\/\/3lglazingsystems.se\/en\/wp-json\/wp\/v2\/product_brand?post=1276"},{"taxonomy":"product_cat","embeddable":true,"href":"https:\/\/3lglazingsystems.se\/en\/wp-json\/wp\/v2\/product_cat?post=1276"},{"taxonomy":"product_tag","embeddable":true,"href":"https:\/\/3lglazingsystems.se\/en\/wp-json\/wp\/v2\/product_tag?post=1276"}],"curies":[{"name":"wp","href":"https:\/\/api.w.org\/{rel}","templated":true}]}}