{"id":1274,"date":"2025-03-03T09:33:13","date_gmt":"2025-03-03T08:33:13","guid":{"rendered":"https:\/\/3lglazingsystems.se\/?post_type=product&#038;p=1274"},"modified":"2025-08-19T07:06:55","modified_gmt":"2025-08-19T06:06:55","slug":"sapa-dorr-2086-standard","status":"publish","type":"product","link":"https:\/\/3lglazingsystems.se\/en\/system\/sapa-dorr-2086-standard\/","title":{"rendered":"Sapa Door 2086 Standard"},"content":{"rendered":"","protected":false},"excerpt":{"rendered":"<p>2086 tillh\u00f6r v\u00e5r nya generation byggsystem SAPA Thermo 86 utvecklad med tydlig fokus p\u00e5 energi och prestanda. D\u00f6rren har l\u00e5gt U-v\u00e4rde grundar sig p\u00e5 en bepr\u00f6vad och stabil konstruktion med 86 mm djupa profiler. Dessa \u00e4r grundisolerade med 42 mm glasfiberarmerade polyamidlister. F\u00f6r optimal energiprestanda anv\u00e4nds D\u00f6rr 2086 SX med isolerstavar SAPA Thermo N9 i profilerna.<\/p>\n<p>D\u00f6rrbladsprofiler finns f\u00f6r smal- och modull\u00e5s. Fals f\u00f6r glas och fyllning 20-56 (64) mm. Yttre glasningslist \u00e4r integrerad i profilen f\u00f6r asymmetriskt placerat glas. D\u00f6rrarna kan enkelt anslutas till v\u00e5ra fasadsystem 4150, 5050 SG samt glasparti 3086.<\/p>","protected":false},"featured_media":1275,"comment_status":"open","ping_status":"closed","template":"","meta":{"_acf_changed":false},"product_brand":[],"product_cat":[146],"product_tag":[],"class_list":{"0":"post-1274","1":"product","2":"type-product","3":"status-publish","4":"has-post-thumbnail","6":"product_cat-dorrar","8":"first","9":"instock","10":"shipping-taxable","11":"product-type-simple"},"acf":[],"_links":{"self":[{"href":"https:\/\/3lglazingsystems.se\/en\/wp-json\/wp\/v2\/product\/1274","targetHints":{"allow":["GET"]}}],"collection":[{"href":"https:\/\/3lglazingsystems.se\/en\/wp-json\/wp\/v2\/product"}],"about":[{"href":"https:\/\/3lglazingsystems.se\/en\/wp-json\/wp\/v2\/types\/product"}],"replies":[{"embeddable":true,"href":"https:\/\/3lglazingsystems.se\/en\/wp-json\/wp\/v2\/comments?post=1274"}],"wp:featuredmedia":[{"embeddable":true,"href":"https:\/\/3lglazingsystems.se\/en\/wp-json\/wp\/v2\/media\/1275"}],"wp:attachment":[{"href":"https:\/\/3lglazingsystems.se\/en\/wp-json\/wp\/v2\/media?parent=1274"}],"wp:term":[{"taxonomy":"product_brand","embeddable":true,"href":"https:\/\/3lglazingsystems.se\/en\/wp-json\/wp\/v2\/product_brand?post=1274"},{"taxonomy":"product_cat","embeddable":true,"href":"https:\/\/3lglazingsystems.se\/en\/wp-json\/wp\/v2\/product_cat?post=1274"},{"taxonomy":"product_tag","embeddable":true,"href":"https:\/\/3lglazingsystems.se\/en\/wp-json\/wp\/v2\/product_tag?post=1274"}],"curies":[{"name":"wp","href":"https:\/\/api.w.org\/{rel}","templated":true}]}}